{"id":846,"date":"2024-12-23T00:48:00","date_gmt":"2024-12-23T00:48:00","guid":{"rendered":"https:\/\/swis-services.ch\/?page_id=846"},"modified":"2025-03-21T12:28:16","modified_gmt":"2025-03-21T12:28:16","slug":"contact-us","status":"publish","type":"page","link":"https:\/\/swis-services.ch\/german\/contact-us\/","title":{"rendered":"Kontaktieren Sie uns"},"content":{"rendered":"<div id=\"fws_69f63bfe680e2\"  data-column-margin=\"default\" data-midnight=\"dark\"  class=\"wpb_row vc_row-fluid vc_row\"  style=\"padding-top: 0px; padding-bottom: 0px; \"><div class=\"row-bg-wrap\" data-bg-animation=\"none\" data-bg-animation-delay=\"\" data-bg-overlay=\"false\"><div class=\"inner-wrap row-bg-layer\" ><div class=\"row-bg viewport-desktop\"  style=\"\"><\/div><\/div><\/div><div class=\"row_col_wrap_12 col span_12 dark left\">\n\t<div  class=\"vc_col-sm-12 wpb_column column_container vc_column_container col no-extra-padding inherit_tablet inherit_phone\"  data-padding-pos=\"all\" data-has-bg-color=\"false\" data-bg-color=\"\" data-bg-opacity=\"1\" data-animation=\"\" data-delay=\"0\" >\n\t\t<div class=\"vc_column-inner\" >\n\t\t\t<div class=\"wpb_wrapper\">\n\t\t\t\t<div class=\"nectar-split-heading  font_size_6vw font_size_tablet_9vw font_size_phone_10vw font_line_height_1-5\" data-align=\"default\" data-m-align=\"inherit\" data-text-effect=\"letter-reveal-bottom\" data-animation-type=\"line-reveal-by-space\" data-animation-delay=\"0\" data-animation-offset=\"\" data-m-rm-animation=\"true\" data-stagger=\"true\" data-custom-font-size=\"true\" style=\"font-size: 6vw; line-height: 6.6vw;\"><h1 >Kontaktieren Sie uns<\/h1><\/div>\n\t\t\t<\/div> \n\t\t<\/div>\n\t<\/div> \n<\/div><\/div>\n\t\t<div id=\"fws_69f63bfe6857c\"  data-column-margin=\"default\" data-midnight=\"dark\"  class=\"wpb_row vc_row-fluid vc_row full-width-content vc_row-o-equal-height vc_row-flex vc_row-o-content-top  top_margin_1pct right_padding_6pct left_padding_6pct\"  style=\"padding-top: 0px; padding-bottom: 0px; \"><div class=\"row-bg-wrap\" data-bg-animation=\"none\" data-bg-animation-delay=\"\" data-bg-overlay=\"false\"><div class=\"inner-wrap row-bg-layer using-image\" ><div class=\"row-bg viewport-desktop using-image\"  style=\"background-image: url(https:\/\/swis-services.ch\/wp-content\/uploads\/2025\/01\/swis-services-contact.jpg); background-position: center center; background-repeat: no-repeat; \"><\/div><\/div><\/div><div class=\"row_col_wrap_12 col span_12 dark left\">\n\t<div  class=\"vc_col-sm-12 wpb_column column_container vc_column_container col has-animation no-extra-padding inherit_tablet inherit_phone mobile-disable-entrance-animation\"  data-padding-pos=\"all\" data-has-bg-color=\"false\" data-bg-color=\"\" data-bg-opacity=\"1\" data-animation=\"fade-in-from-bottom\" data-delay=\"600\" >\n\t\t<div class=\"vc_column-inner\" >\n\t\t\t<div class=\"wpb_wrapper\">\n\t\t\t\t<div class=\"divider-wrap height_tablet_70vh height_phone_50vh\" data-alignment=\"default\"><div style=\"height: 60vh;\" class=\"divider\"><\/div><\/div>\n\t\t\t<\/div> \n\t\t<\/div>\n\t<\/div> \n<\/div><\/div>\n\t\t<div id=\"fws_69f63bfe686eb\"  data-column-margin=\"default\" data-midnight=\"dark\" data-top-percent=\"5%\" data-bottom-percent=\"2%\"  class=\"wpb_row vc_row-fluid vc_row full-width-section  right_padding_2pct left_padding_2pct\"  style=\"padding-top: calc(100vw * 0.05); padding-bottom: calc(100vw * 0.02); \"><div class=\"row-bg-wrap\" data-bg-animation=\"none\" data-bg-animation-delay=\"\" data-bg-overlay=\"false\"><div class=\"inner-wrap row-bg-layer\" ><div class=\"row-bg viewport-desktop using-bg-color\"  style=\"background-color: #000000; \"><\/div><\/div><\/div><div class=\"row_col_wrap_12 col span_12 dark left\">\n\t<div  class=\"vc_col-sm-6 wpb_column column_container vc_column_container col no-extra-padding inherit_tablet inherit_phone\"  data-padding-pos=\"all\" data-has-bg-color=\"false\" data-bg-color=\"\" data-bg-opacity=\"1\" data-animation=\"\" data-delay=\"0\" >\n\t\t<div class=\"vc_column-inner\" >\n\t\t\t<div class=\"wpb_wrapper\">\n\t\t\t\t\n\t<div class=\"wpb_raw_code wpb_raw_html wpb_content_element\" >\n\t\t<div class=\"wpb_wrapper\">\n\t\t\t<div class=\"forminator-ui forminator-custom-form forminator-custom-form-853 forminator-design--default  forminator_ajax\" data-forminator-render=\"0\" data-form=\"forminator-module-853\" data-uid=\"69f63bfe689aa\"><br\/><\/div><form\n\t\t\t\tid=\"forminator-module-853\"\n\t\t\t\tclass=\"forminator-ui forminator-custom-form forminator-custom-form-853 forminator-design--default  forminator_ajax\"\n\t\t\t\tmethod=\"post\"\n\t\t\t\tdata-forminator-render=\"0\"\n\t\t\t\tdata-form-id=\"853\"\n\t\t\t\t\n\t\t\t\tdata-design=\"default\"\n\t\t\t\t\n\t\t\t\t\n\t\t\t\t\n\t\t\t\tdata-grid=\"open\"\n\t\t\t\t\n\t\t\t\t\n\t\t\t\tstyle=\"display: none;\"\n\t\t\t\t\n\t\t\t\tdata-uid=\"69f63bfe689aa\" action=\"\"\n\t\t\t><div role=\"alert\" aria-live=\"polite\" class=\"forminator-response-message forminator-error\" aria-hidden=\"true\"><\/div><div class=\"forminator-row\"><div id=\"name-1\" class=\"forminator-field-name forminator-col forminator-col-12\"><div class=\"forminator-field\"><input type=\"text\" name=\"name-1\" value=\"\" placeholder=\"First Name\" id=\"forminator-field-name-1_69f63bfe689aa\" class=\"forminator-input forminator-name--field\" aria-required=\"true\" \/><\/div><\/div><\/div><div class=\"forminator-row\"><div id=\"email-1\" class=\"forminator-field-email forminator-col forminator-col-12\"><div class=\"forminator-field\"><input type=\"email\" name=\"email-1\" value=\"\" placeholder=\"Email Address\" id=\"forminator-field-email-1_69f63bfe689aa\" class=\"forminator-input forminator-email--field\" data-required=\"true\" aria-required=\"true\" \/><\/div><\/div><\/div><div class=\"forminator-row\"><div id=\"phone-1\" class=\"forminator-field-phone forminator-col forminator-col-12\"><div class=\"forminator-field\"><input type=\"text\" name=\"phone-1\" value=\"\" placeholder=\"Telefonnummer\" id=\"forminator-field-phone-1_69f63bfe689aa\" class=\"forminator-input forminator-field--phone\" data-required=\"\" aria-required=\"false\" autocomplete=\"off\" \/><\/div><\/div><\/div><div class=\"forminator-row\"><div id=\"textarea-1\" class=\"forminator-field-textarea forminator-col forminator-col-12\"><div class=\"forminator-field\"><textarea name=\"textarea-1\" placeholder=\"Enter your message...\" id=\"forminator-field-textarea-1_69f63bfe689aa\" class=\"forminator-textarea\" rows=\"6\" style=\"min-height:140px;\" maxlength=\"180\" ><\/textarea><span id=\"forminator-field-textarea-1_69f63bfe689aa-description\" class=\"forminator-description\"><span data-limit=\"180\" data-type=\"characters\" data-editor=\"\">0 \/ 180<\/span><\/span><\/div><\/div><\/div><input type=\"hidden\" name=\"referer_url\" value=\"\" \/><div class=\"forminator-row forminator-row-last\"><div class=\"forminator-col\"><div class=\"forminator-field\"><button class=\"forminator-button forminator-button-submit\">Send Message<\/button><\/div><\/div><\/div><input type=\"hidden\" id=\"forminator_nonce\" name=\"forminator_nonce\" value=\"910e4b27ee\" \/><input type=\"hidden\" name=\"_wp_http_referer\" value=\"\/german\/wp-json\/wp\/v2\/pages\/846\" \/><input type=\"hidden\" name=\"form_id\" value=\"853\"><input type=\"hidden\" name=\"page_id\" value=\"846\"><input type=\"hidden\" name=\"form_type\" value=\"default\"><input type=\"hidden\" name=\"current_url\" value=\"https:\/\/swis-services.ch\/german\/contact-us\/\"><input type=\"hidden\" name=\"render_id\" value=\"0\"><input type=\"hidden\" name=\"action\" value=\"forminator_submit_form_custom-forms\"><input type=\"hidden\" name=\"trp-form-language\" value=\"german\"\/><\/form>\n\t\t<\/div>\n\t<\/div>\n\n\t\t\t<\/div> \n\t\t<\/div>\n\t<\/div> \n\n\t<div  class=\"vc_col-sm-6 wpb_column column_container vc_column_container col no-extra-padding inherit_tablet inherit_phone\"  data-padding-pos=\"all\" data-has-bg-color=\"false\" data-bg-color=\"\" data-bg-opacity=\"1\" data-animation=\"\" data-delay=\"0\" >\n\t\t<div class=\"vc_column-inner\" >\n\t\t\t<div class=\"wpb_wrapper\">\n\t\t\t\t<div class=\"nectar-icon-list\" data-icon-color=\"extra-color-1\" data-icon-style=\"border\" data-columns=\"3\" data-direction=\"vertical\" data-icon-size=\"medium\" data-animate=\"\"><div class=\"nectar-icon-list-item content_color_ffffff\"><div class=\"list-icon-holder\" data-icon_type=\"icon\"><i class=\"icon-default-style fa fa-map-marker\" data-color=\"extra-color-1\"><\/i><\/div><div class=\"content\"><h4>Adresse<\/h4>Rue de la Cloche 8<br \/>\n1201 Geneva<\/div><\/div><div class=\"nectar-icon-list-item content_color_ffffff\"><div class=\"list-icon-holder\" data-icon_type=\"icon\"><i class=\"icon-default-style fa fa-phone\" data-color=\"extra-color-1\"><\/i><\/div><div class=\"content\"><h4>Telefonnummer<\/h4>+41 78 301 59 54<\/div><\/div><div class=\"nectar-icon-list-item content_color_ffffff\"><div class=\"list-icon-holder\" data-icon_type=\"icon\"><i class=\"icon-default-style fa fa-envelope-o\" data-color=\"extra-color-1\"><\/i><\/div><div class=\"content\"><h4>E-Mail<\/h4>contact@swis-services.ch<\/div><\/div><\/div>\n\t\t\t<\/div> \n\t\t<\/div>\n\t<\/div> \n<\/div><\/div>\n\t\t<div id=\"fws_69f63bfe6aedb\"  data-column-margin=\"default\" data-midnight=\"dark\" data-top-percent=\"5%\" data-bottom-percent=\"2%\"  class=\"wpb_row vc_row-fluid vc_row\"  style=\"padding-top: calc(100vw * 0.05); padding-bottom: calc(100vw * 0.02); \"><div class=\"row-bg-wrap\" data-bg-animation=\"none\" data-bg-animation-delay=\"\" data-bg-overlay=\"false\"><div class=\"inner-wrap row-bg-layer\" ><div class=\"row-bg viewport-desktop\"  style=\"\"><\/div><\/div><\/div><div class=\"row_col_wrap_12 col span_12 dark left\">\n\t<div  class=\"vc_col-sm-12 wpb_column column_container vc_column_container col no-extra-padding inherit_tablet inherit_phone\"  data-padding-pos=\"all\" data-has-bg-color=\"false\" data-bg-color=\"\" data-bg-opacity=\"1\" data-animation=\"\" data-delay=\"0\" >\n\t\t<div class=\"vc_column-inner\" >\n\t\t\t<div class=\"wpb_wrapper\">\n\t\t\t\t<div class=\"toggles accordion toggles--minimal-shadow\" data-br=\"none\" data-starting=\"default\" data-style=\"minimal\"><div class=\"toggle default\" data-inner-wrap=\"true\"><h3 class=\"toggle-title\"><a href=\"#\" role=\"button\" class=\"toggle-heading\"><i role=\"presentation\" class=\"fa fa-plus-circle\"><\/i>Welche Dienstleistungen bietet Swiss Services an?<\/a><\/h3><div><div class=\"inner-toggle-wrap\">\n<div class=\"wpb_text_column wpb_content_element\" >\n\t<div class=\"wpb_wrapper\">\n\t\t<p class=\"translation-block\">Swiss Services ist auf luxuri\u00f6se Transportl\u00f6sungen spezialisiert, einschlie\u00dflich Premium-Mercedes-Fahrdiensten und Privatjet-Charter. Ob Sie Bodenverkehr f\u00fcr Gesch\u00e4ftsreisen, Freizeit oder Flughafentransfers ben\u00f6tigen, oder privaten Luftverkehr f\u00fcr Effizienz und Exklusivit\u00e4t \u2013 wir bieten ma\u00dfgeschneiderte L\u00f6sungen, die Ihren Bed\u00fcrfnissen gerecht werden.<\/p>\n\t<\/div>\n<\/div>\n\n\n\n<\/div><\/div><\/div><div class=\"toggle default\" data-inner-wrap=\"true\"><h3 class=\"toggle-title\"><a href=\"#\" role=\"button\" class=\"toggle-heading\"><i role=\"presentation\" class=\"fa fa-plus-circle\"><\/i>Wie kann ich einen Auto- oder Jet-Service bei Swiss Services buchen?<\/a><\/h3><div><div class=\"inner-toggle-wrap\">\n<div class=\"wpb_text_column wpb_content_element\" >\n\t<div class=\"wpb_wrapper\">\n\t\t<p>Die Buchung ist einfach und unkompliziert. Sie k\u00f6nnen uns direkt \u00fcber unsere Website, per E-Mail oder Telefon kontaktieren. Geben Sie Ihre Reisedaten an, und unser Team wird Ihnen helfen, das perfekte Luxusreiseerlebnis nach Ihren W\u00fcnschen zu gestalten.<\/p>\n\t<\/div>\n<\/div>\n\n\n\n<\/div><\/div><\/div><div class=\"toggle default\" data-inner-wrap=\"true\"><h3 class=\"toggle-title\"><a href=\"#\" role=\"button\" class=\"toggle-heading\"><i role=\"presentation\" class=\"fa fa-plus-circle\"><\/i>Welche Privatjet-Optionen bieten Sie an?<\/a><\/h3><div><div class=\"inner-toggle-wrap\">\n<div class=\"wpb_text_column wpb_content_element\" >\n\t<div class=\"wpb_wrapper\">\n\t\t<p class=\"translation-block\">Unsere Privatjet-Dienste umfassen den Zugang zu einer Vielzahl von Flugzeugen, von leichten Jets bis hin zu gr\u00f6\u00dferen Modellen, die f\u00fcr Langstreckenfl\u00fcge geeignet sind. Wir passen unser Angebot je nach Zielort, Gruppengr\u00f6\u00dfe und Vorlieben an.<\/p>\n\t<\/div>\n<\/div>\n\n\n\n<\/div><\/div><\/div><div class=\"toggle default\" data-inner-wrap=\"true\"><h3 class=\"toggle-title\"><a href=\"#\" role=\"button\" class=\"toggle-heading\"><i role=\"presentation\" class=\"fa fa-plus-circle\"><\/i>Wie stellen Sie die Sicherheit w\u00e4hrend der Reise sicher?<\/a><\/h3><div><div class=\"inner-toggle-wrap\">\n<div class=\"wpb_text_column wpb_content_element\" >\n\t<div class=\"wpb_wrapper\">\n\t\t<p class=\"translation-block\">Sicherheit hat bei uns oberste Priorit\u00e4t. Alle Fahrzeuge und Flugzeuge unterziehen sich strengen Inspektionen und Wartungen. Unsere Chauffeure und Piloten sind darauf geschult, die h\u00f6chsten Sicherheitsstandards einzuhalten, um eine sichere Reiseerfahrung zu gew\u00e4hrleisten.<\/p>\n\t<\/div>\n<\/div>\n\n\n\n<\/div><\/div><\/div><div class=\"toggle default\" data-inner-wrap=\"true\"><h3 class=\"toggle-title\"><a href=\"#\" role=\"button\" class=\"toggle-heading\"><i role=\"presentation\" class=\"fa fa-plus-circle\"><\/i>Bieten Sie Dienstleistungen f\u00fcr besondere Veranstaltungen oder Gesch\u00e4ftsreisen an?<\/a><\/h3><div><div class=\"inner-toggle-wrap\">\n<div class=\"wpb_text_column wpb_content_element\" >\n\t<div class=\"wpb_wrapper\">\n\t\t<p>Ja, wir bieten Service f\u00fcr eine Vielzahl von Anl\u00e4ssen, darunter Hochzeiten, VIP-Events, Gesch\u00e4ftstreffen und Gesch\u00e4ftsreisen. Unsere Dienstleistungen sind darauf ausgelegt, zu beeindrucken und nahtlose Erlebnisse zu bieten.<\/p>\n\t<\/div>\n<\/div>\n\n\n\n<\/div><\/div><\/div><div class=\"toggle default\" data-inner-wrap=\"true\"><h3 class=\"toggle-title\"><a href=\"#\" role=\"button\" class=\"toggle-heading\"><i role=\"presentation\" class=\"fa fa-plus-circle\"><\/i>Wie lange im Voraus sollte ich eine Dienstleistung buchen?<\/a><\/h3><div><div class=\"inner-toggle-wrap\">\n<div class=\"wpb_text_column wpb_content_element\" >\n\t<div class=\"wpb_wrapper\">\n\t\t<p>Obwohl wir, soweit m\u00f6glich, auch Last-Minute-Anfragen ber\u00fccksichtigen, empfehlen wir Ihnen, im Voraus zu buchen, um die Verf\u00fcgbarkeit sicherzustellen und eventuelle Anpassungen Ihrer Reisepl\u00e4ne zu erm\u00f6glichen.<\/p>\n\t<\/div>\n<\/div>\n\n\n\n<\/div><\/div><\/div><\/div>\n\n\n\n\n\n\n\n\n\n\n\n\n\n\n\n\n\n\n\n\n\t\t\t<\/div> \n\t\t<\/div>\n\t<\/div> \n<\/div><\/div>\n\t\t<div id=\"fws_69f63bfe6bb2b\"  data-column-margin=\"default\" data-midnight=\"light\" data-top-percent=\"12%\" data-bottom-percent=\"12%\"  class=\"wpb_row vc_row-fluid vc_row full-width-content bg-animation--slight vc_row-o-equal-height vc_row-flex vc_row-o-content-top  zindex-set nectar-overflow-hidden\"  style=\"padding-top: calc(100vw * 0.12); padding-bottom: calc(100vw * 0.12);  z-index: 10;\"><div class=\"row-bg-wrap\" data-bg-animation=\"zoom-out-reveal\" data-bg-animation-delay=\"\" data-bg-overlay=\"false\"><div class=\"inner-wrap row-bg-layer using-image\" ><div class=\"row-bg viewport-desktop using-image\"  style=\"background-image: url(https:\/\/swis-services.ch\/wp-content\/uploads\/2024\/07\/swiss-services-geneva-chauffer-driver-scaled.jpg); background-position: center center; background-repeat: no-repeat; \"><\/div><\/div><div class=\"row-bg-overlay row-bg-layer\" style=\"background:linear-gradient(183deg, rgba(0,0,0,0.275) 17%, rgba(0,0,0,0.385) 88%);\"><\/div><\/div><div class=\"row_col_wrap_12 col span_12 light center\">\n\t<div style=\"z-index: 10; \" class=\"vc_col-sm-12 wpb_column column_container vc_column_container col no-extra-padding el_spacing_0px inherit_tablet inherit_phone\"  data-padding-pos=\"all\" data-has-bg-color=\"false\" data-bg-color=\"\" data-bg-opacity=\"1\" data-animation=\"\" data-delay=\"0\" >\n\t\t<div class=\"vc_column-inner\" >\n\t\t\t<div class=\"wpb_wrapper\">\n\t\t\t\t<div id=\"fws_69f63bfe6bceb\" data-midnight=\"\" data-column-margin=\"default\" class=\"wpb_row vc_row-fluid vc_row inner_row  translate_x_-13pct\"  style=\" z-index: 100;\"><div class=\"row-bg-wrap\"> <div class=\"row-bg\" ><\/div> <\/div><div class=\"row_col_wrap_12_inner col span_12  left\">\n\t<div  class=\"vc_col-sm-12 wpb_column column_container vc_column_container col child_column no-extra-padding inherit_tablet inherit_phone\"   data-padding-pos=\"all\" data-has-bg-color=\"false\" data-bg-color=\"\" data-bg-opacity=\"1\" data-animation=\"\" data-delay=\"0\" data-scroll-animation=\"true\" data-scroll-animation-movement=\"transform_x\" data-scroll-animation-mobile=\"true\" data-scroll-animation-intensity=\"2.5\" >\n\t\t<div class=\"vc_column-inner\" >\n\t\t<div class=\"wpb_wrapper\">\n\t\t\t<div class=\"nectar-scrolling-text font_size_7vw font_size_mobile_11vw custom_color\" data-style=\"default\" data-s-dir=\"ltr\" data-spacing=\"false\" data-outline-thickness=\"thin\" data-s-speed=\"slower\" data-overflow=\"visible\" ><div class=\"nectar-scrolling-text-inner\" style=\"color: #ffffff;\"><div class=\"nectar-scrolling-text-inner__text-chunk\">\n<h1><strong>Swiss Services &#8211;<\/strong><span>&nbsp;<\/span><\/h1>\n<\/div><div class=\"nectar-scrolling-text-inner__text-chunk\">\n<h1 aria-hidden=\"true\"><strong>Swiss Services &#8211;<\/strong><span>&nbsp;<\/span><\/h1>\n<\/div><div class=\"nectar-scrolling-text-inner__text-chunk\">\n<h1 aria-hidden=\"true\"><strong>Swiss Services &#8211;<\/strong><span>&nbsp;<\/span><\/h1>\n<\/div><\/div><\/div>\n\t\t<\/div> \n\t<\/div>\n\t<\/div> \n<\/div><\/div><div id=\"fws_69f63bfe6bf7d\" data-midnight=\"\" data-column-margin=\"default\" class=\"wpb_row vc_row-fluid vc_row inner_row\"  style=\"\"><div class=\"row-bg-wrap\"> <div class=\"row-bg\" ><\/div> <\/div><div class=\"row_col_wrap_12_inner col span_12  left\">\n\t<div  class=\"vc_col-sm-12 wpb_column column_container vc_column_container col child_column no-extra-padding inherit_tablet inherit_phone\"   data-padding-pos=\"all\" data-has-bg-color=\"false\" data-bg-color=\"\" data-bg-opacity=\"1\" data-animation=\"\" data-delay=\"0\" data-scroll-animation=\"true\" data-scroll-animation-movement=\"transform_x\" data-scroll-animation-mobile=\"true\" data-scroll-animation-intensity=\"-2.5\" >\n\t\t<div class=\"vc_column-inner\" >\n\t\t<div class=\"wpb_wrapper\">\n\t\t\t<div class=\"nectar-scrolling-text font_size_7vw font_size_mobile_11vw custom_color\" data-style=\"default\" data-s-dir=\"rtl\" data-spacing=\"false\" data-outline-thickness=\"thin\" data-s-speed=\"slower\" data-overflow=\"visible\" ><div class=\"nectar-scrolling-text-inner\" style=\"color: #ffffff;\"><div class=\"nectar-scrolling-text-inner__text-chunk\">\n<h1>VIP-Reiseerlebnis-Agentur<span>&nbsp;<\/span><\/h1>\n<\/div><div class=\"nectar-scrolling-text-inner__text-chunk\">\n<h1 aria-hidden=\"true\">VIP-Reiseerlebnis-Agentur<span>&nbsp;<\/span><\/h1>\n<\/div><div class=\"nectar-scrolling-text-inner__text-chunk\">\n<h1 aria-hidden=\"true\">VIP-Reiseerlebnis-Agentur<span>&nbsp;<\/span><\/h1>\n<\/div><\/div><\/div>\n\t\t<\/div> \n\t<\/div>\n\t<\/div> \n<\/div><\/div>\n\t\t\t<\/div> \n\t\t<\/div>\n\t<\/div> \n<\/div><\/div>","protected":false},"excerpt":{"rendered":"Frequently Asked Questions 0 \/ 180Send Message AddressRue de la Cloche 8 1201 GenevaPhone Number+41 78 301 59 54Emailcontact@swis-services.ch What services does Swiss Services offer? Swiss Services specializes in luxury...","protected":false},"author":1,"featured_media":0,"parent":0,"menu_order":0,"comment_status":"closed","ping_status":"closed","template":"","meta":{"footnotes":""},"class_list":["post-846","page","type-page","status-publish"],"yoast_head":"<!-- This site is optimized with the Yoast SEO plugin v24.6 - https:\/\/yoast.com\/wordpress\/plugins\/seo\/ -->\n<title>Contact Us - Swiss-Services<\/title>\n<meta name=\"robots\" content=\"index, follow, max-snippet:-1, max-image-preview:large, max-video-preview:-1\" \/>\n<link rel=\"canonical\" href=\"https:\/\/swis-services.ch\/german\/contact-us\/\" \/>\n<meta property=\"og:locale\" content=\"de_DE\" \/>\n<meta property=\"og:type\" content=\"article\" \/>\n<meta property=\"og:title\" content=\"Contact Us - Swiss-Services\" \/>\n<meta property=\"og:url\" content=\"https:\/\/swis-services.ch\/german\/contact-us\/\" \/>\n<meta property=\"og:site_name\" content=\"Swiss-Services\" \/>\n<meta property=\"article:modified_time\" content=\"2025-03-21T12:28:16+00:00\" \/>\n<meta name=\"twitter:card\" content=\"summary_large_image\" \/>\n<meta name=\"twitter:label1\" content=\"Gesch\u00e4tzte Lesezeit\" \/>\n\t<meta name=\"twitter:data1\" content=\"2\u00a0Minuten\" \/>\n<script type=\"application\/ld+json\" class=\"yoast-schema-graph\">{\"@context\":\"https:\/\/schema.org\",\"@graph\":[{\"@type\":\"WebPage\",\"@id\":\"https:\/\/swis-services.ch\/contact-us\/\",\"url\":\"https:\/\/swis-services.ch\/contact-us\/\",\"name\":\"Contact Us - Swiss-Services\",\"isPartOf\":{\"@id\":\"https:\/\/swis-services.ch\/#website\"},\"datePublished\":\"2024-12-23T00:48:00+00:00\",\"dateModified\":\"2025-03-21T12:28:16+00:00\",\"breadcrumb\":{\"@id\":\"https:\/\/swis-services.ch\/contact-us\/#breadcrumb\"},\"inLanguage\":\"de-CH\",\"potentialAction\":[{\"@type\":\"ReadAction\",\"target\":[\"https:\/\/swis-services.ch\/contact-us\/\"]}]},{\"@type\":\"BreadcrumbList\",\"@id\":\"https:\/\/swis-services.ch\/contact-us\/#breadcrumb\",\"itemListElement\":[{\"@type\":\"ListItem\",\"position\":1,\"name\":\"Home\",\"item\":\"https:\/\/swis-services.ch\/\"},{\"@type\":\"ListItem\",\"position\":2,\"name\":\"Contact Us\"}]},{\"@type\":\"WebSite\",\"@id\":\"https:\/\/swis-services.ch\/#website\",\"url\":\"https:\/\/swis-services.ch\/\",\"name\":\"Swiss-Services\",\"description\":\"Where Bespoke Journeys Begin\",\"publisher\":{\"@id\":\"https:\/\/swis-services.ch\/#organization\"},\"potentialAction\":[{\"@type\":\"SearchAction\",\"target\":{\"@type\":\"EntryPoint\",\"urlTemplate\":\"https:\/\/swis-services.ch\/?s={search_term_string}\"},\"query-input\":{\"@type\":\"PropertyValueSpecification\",\"valueRequired\":true,\"valueName\":\"search_term_string\"}}],\"inLanguage\":\"de-CH\"},{\"@type\":\"Organization\",\"@id\":\"https:\/\/swis-services.ch\/#organization\",\"name\":\"Swiss-Services\",\"url\":\"https:\/\/swis-services.ch\/\",\"logo\":{\"@type\":\"ImageObject\",\"inLanguage\":\"de-CH\",\"@id\":\"https:\/\/swis-services.ch\/#\/schema\/logo\/image\/\",\"url\":\"https:\/\/swis-services.ch\/wp-content\/uploads\/2024\/07\/cropped-LOGO-SWISS-NEW-4.png\",\"contentUrl\":\"https:\/\/swis-services.ch\/wp-content\/uploads\/2024\/07\/cropped-LOGO-SWISS-NEW-4.png\",\"width\":1188,\"height\":396,\"caption\":\"Swiss-Services\"},\"image\":{\"@id\":\"https:\/\/swis-services.ch\/#\/schema\/logo\/image\/\"}}]}<\/script>\n<!-- \/ Yoast SEO plugin. -->","yoast_head_json":{"title":"Contact Us - Swiss-Services","robots":{"index":"index","follow":"follow","max-snippet":"max-snippet:-1","max-image-preview":"max-image-preview:large","max-video-preview":"max-video-preview:-1"},"canonical":"https:\/\/swis-services.ch\/german\/contact-us\/","og_locale":"de_DE","og_type":"article","og_title":"Contact Us - Swiss-Services","og_url":"https:\/\/swis-services.ch\/german\/contact-us\/","og_site_name":"Swiss-Services","article_modified_time":"2025-03-21T12:28:16+00:00","twitter_card":"summary_large_image","twitter_misc":{"Gesch\u00e4tzte Lesezeit":"2\u00a0Minuten"},"schema":{"@context":"https:\/\/schema.org","@graph":[{"@type":"WebPage","@id":"https:\/\/swis-services.ch\/contact-us\/","url":"https:\/\/swis-services.ch\/contact-us\/","name":"Contact Us - Swiss-Services","isPartOf":{"@id":"https:\/\/swis-services.ch\/#website"},"datePublished":"2024-12-23T00:48:00+00:00","dateModified":"2025-03-21T12:28:16+00:00","breadcrumb":{"@id":"https:\/\/swis-services.ch\/contact-us\/#breadcrumb"},"inLanguage":"de-CH","potentialAction":[{"@type":"ReadAction","target":["https:\/\/swis-services.ch\/contact-us\/"]}]},{"@type":"BreadcrumbList","@id":"https:\/\/swis-services.ch\/contact-us\/#breadcrumb","itemListElement":[{"@type":"ListItem","position":1,"name":"Home","item":"https:\/\/swis-services.ch\/"},{"@type":"ListItem","position":2,"name":"Contact Us"}]},{"@type":"WebSite","@id":"https:\/\/swis-services.ch\/#website","url":"https:\/\/swis-services.ch\/","name":"Swiss-Services","description":"Where Bespoke Journeys Begin","publisher":{"@id":"https:\/\/swis-services.ch\/#organization"},"potentialAction":[{"@type":"SearchAction","target":{"@type":"EntryPoint","urlTemplate":"https:\/\/swis-services.ch\/?s={search_term_string}"},"query-input":{"@type":"PropertyValueSpecification","valueRequired":true,"valueName":"search_term_string"}}],"inLanguage":"de-CH"},{"@type":"Organization","@id":"https:\/\/swis-services.ch\/#organization","name":"Swiss-Services","url":"https:\/\/swis-services.ch\/","logo":{"@type":"ImageObject","inLanguage":"de-CH","@id":"https:\/\/swis-services.ch\/#\/schema\/logo\/image\/","url":"https:\/\/swis-services.ch\/wp-content\/uploads\/2024\/07\/cropped-LOGO-SWISS-NEW-4.png","contentUrl":"https:\/\/swis-services.ch\/wp-content\/uploads\/2024\/07\/cropped-LOGO-SWISS-NEW-4.png","width":1188,"height":396,"caption":"Swiss-Services"},"image":{"@id":"https:\/\/swis-services.ch\/#\/schema\/logo\/image\/"}}]}},"_links":{"self":[{"href":"https:\/\/swis-services.ch\/german\/wp-json\/wp\/v2\/pages\/846","targetHints":{"allow":["GET"]}}],"collection":[{"href":"https:\/\/swis-services.ch\/german\/wp-json\/wp\/v2\/pages"}],"about":[{"href":"https:\/\/swis-services.ch\/german\/wp-json\/wp\/v2\/types\/page"}],"author":[{"embeddable":true,"href":"https:\/\/swis-services.ch\/german\/wp-json\/wp\/v2\/users\/1"}],"replies":[{"embeddable":true,"href":"https:\/\/swis-services.ch\/german\/wp-json\/wp\/v2\/comments?post=846"}],"version-history":[{"count":25,"href":"https:\/\/swis-services.ch\/german\/wp-json\/wp\/v2\/pages\/846\/revisions"}],"predecessor-version":[{"id":1216,"href":"https:\/\/swis-services.ch\/german\/wp-json\/wp\/v2\/pages\/846\/revisions\/1216"}],"wp:attachment":[{"href":"https:\/\/swis-services.ch\/german\/wp-json\/wp\/v2\/media?parent=846"}],"curies":[{"name":"wp","href":"https:\/\/api.w.org\/{rel}","templated":true}]}}